{"id":1077,"date":"2025-11-10T06:50:09","date_gmt":"2025-11-10T06:50:09","guid":{"rendered":"https:\/\/lumberjackssnack.ch\/impressum\/"},"modified":"2025-11-29T20:21:54","modified_gmt":"2025-11-29T20:21:54","slug":"impressum","status":"publish","type":"page","link":"https:\/\/lumberjackssnack.ch\/de\/impressum\/","title":{"rendered":"Impressum"},"content":{"rendered":"\t\t<div data-elementor-type=\"wp-page\" data-elementor-id=\"1077\" class=\"elementor elementor-1077 elementor-387\" data-elementor-post-type=\"page\">\n\t\t\t\t<div class=\"elementor-element elementor-element-9cad7f1 e-flex e-con-boxed e-con e-parent\" data-id=\"9cad7f1\" data-element_type=\"container\" data-e-type=\"container\">\n\t\t\t\t\t<div class=\"e-con-inner\">\n\t\t\t\t<div class=\"elementor-element elementor-element-8a6a64f elementor-widget elementor-widget-heading\" data-id=\"8a6a64f\" data-element_type=\"widget\" data-e-type=\"widget\" data-widget_type=\"heading.default\">\n\t\t\t\t\t<h2 class=\"elementor-heading-title elementor-size-default\">Herausgeber der Website<\/h2>\t\t\t\t<\/div>\n\t\t\t\t<div class=\"elementor-element elementor-element-35e09a4 elementor-widget elementor-widget-heading\" data-id=\"35e09a4\" data-element_type=\"widget\" data-e-type=\"widget\" data-widget_type=\"heading.default\">\n\t\t\t\t\t<h3 class=\"elementor-heading-title elementor-size-default\">Wildroots GmbH<\/h3>\t\t\t\t<\/div>\n\t\t\t\t<div class=\"elementor-element elementor-element-dc7606c elementor-widget elementor-widget-text-editor\" data-id=\"dc7606c\" data-element_type=\"widget\" data-e-type=\"widget\" data-widget_type=\"text-editor.default\">\n\t\t\t\t\t\t\t\t\t<p>Chemin de Maujobia 98<br data-start=\"981\" data-end=\"984\" \/>CH-2000 Neuch\u00e2tel \u2013 Schweiz<br data-start=\"1011\" data-end=\"1014\" \/>UID \/ MwSt.: CHE-238.479.103<br data-start=\"1042\" data-end=\"1045\" \/>Eingetragen im Handelsregister des Kantons Neuenburg<br data-start=\"1097\" data-end=\"1100\" \/>Rechtsform: Gesellschaft mit beschr\u00e4nkter Haftung<\/p>\n\t\t\t\t\t\t\t\t<\/div>\n\t\t\t\t\t<\/div>\n\t\t\t\t<\/div>\n\t\t<div class=\"elementor-element elementor-element-2c1faf0 e-flex e-con-boxed e-con e-parent\" data-id=\"2c1faf0\" data-element_type=\"container\" data-e-type=\"container\">\n\t\t\t\t\t<div class=\"e-con-inner\">\n\t\t\t\t<div class=\"elementor-element elementor-element-fe8dba4 elementor-widget elementor-widget-heading\" data-id=\"fe8dba4\" data-element_type=\"widget\" data-e-type=\"widget\" data-widget_type=\"heading.default\">\n\t\t\t\t\t<h3 class=\"elementor-heading-title elementor-size-default\">Kontakt<\/h3>\t\t\t\t<\/div>\n\t\t\t\t<div class=\"elementor-element elementor-element-eb782c7 elementor-widget elementor-widget-text-editor\" data-id=\"eb782c7\" data-element_type=\"widget\" data-e-type=\"widget\" data-widget_type=\"text-editor.default\">\n\t\t\t\t\t\t\t\t\t<p>\ud83d\udce7 E-Mail: <a class=\"decorated-link cursor-pointer\" rel=\"noopener\" data-start=\"1183\" data-end=\"1203\">contact@wildroots.ch<\/a><br data-start=\"1203\" data-end=\"1206\" \/>\ud83d\udcde Telefon: +41 79 806 98<br data-start=\"1231\" data-end=\"1234\" \/>\ud83c\udf10 Website: <a class=\"decorated-link\" href=\"http:\/\/www.lumberjackssnack.ch\/\" target=\"_new\" rel=\"noopener\" data-start=\"1246\" data-end=\"1269\">www.lumberjackssnack.ch<\/a><\/p>\n\t\t\t\t\t\t\t\t<\/div>\n\t\t\t\t<div class=\"elementor-element elementor-element-8c43ece elementor-widget elementor-widget-heading\" data-id=\"8c43ece\" data-element_type=\"widget\" data-e-type=\"widget\" data-widget_type=\"heading.default\">\n\t\t\t\t\t<h3 class=\"elementor-heading-title elementor-size-default\">Gesetzlicher Vertreter<\/h3>\t\t\t\t<\/div>\n\t\t\t\t<div class=\"elementor-element elementor-element-ba2ed6d elementor-widget elementor-widget-text-editor\" data-id=\"ba2ed6d\" data-element_type=\"widget\" data-e-type=\"widget\" data-widget_type=\"text-editor.default\">\n\t\t\t\t\t\t\t\t\t<p>David Baumann<br data-start=\"1313\" data-end=\"1316\" \/>Gesch\u00e4ftsf\u00fchrer der Wildroots GmbH<\/p>\n\t\t\t\t\t\t\t\t<\/div>\n\t\t\t\t<div class=\"elementor-element elementor-element-bd77331 elementor-widget elementor-widget-heading\" data-id=\"bd77331\" data-element_type=\"widget\" data-e-type=\"widget\" data-widget_type=\"heading.default\">\n\t\t\t\t\t<h3 class=\"elementor-heading-title elementor-size-default\">Hosting<\/h3>\t\t\t\t<\/div>\n\t\t\t\t<div class=\"elementor-element elementor-element-c536c70 elementor-widget elementor-widget-text-editor\" data-id=\"c536c70\" data-element_type=\"widget\" data-e-type=\"widget\" data-widget_type=\"text-editor.default\">\n\t\t\t\t\t\t\t\t\t<p>Infomaniak Network SA<br data-start=\"813\" data-end=\"816\" \/>Rue Eug\u00e8ne-Marziano 25, 1227 Gen\u00e8ve \u2013 Suisse<br data-start=\"860\" data-end=\"863\" \/><a class=\"\" href=\"http:\/\/www.infomaniak.com\/\" target=\"_new\" rel=\"noopener\" data-start=\"863\" data-end=\"881\">www.infomaniak.com<\/a><\/p>\n\t\t\t\t\t\t\t\t<\/div>\n\t\t\t\t<div class=\"elementor-element elementor-element-bb06650 elementor-widget-divider--view-line elementor-widget elementor-widget-divider\" data-id=\"bb06650\" data-element_type=\"widget\" data-e-type=\"widget\" data-widget_type=\"divider.default\">\n\t\t\t\t\t\t\t<div class=\"elementor-divider\">\n\t\t\t<span class=\"elementor-divider-separator\">\n\t\t\t\t\t\t<\/span>\n\t\t<\/div>\n\t\t\t\t\t\t<\/div>\n\t\t\t\t<div class=\"elementor-element elementor-element-fdff495 elementor-widget elementor-widget-heading\" data-id=\"fdff495\" data-element_type=\"widget\" data-e-type=\"widget\" data-widget_type=\"heading.default\">\n\t\t\t\t\t<h2 class=\"elementor-heading-title elementor-size-default\">\ud83d\udccc Zus\u00e4tzliche Informationen<\/h2>\t\t\t\t<\/div>\n\t\t\t\t<div class=\"elementor-element elementor-element-54021ee elementor-widget elementor-widget-text-editor\" data-id=\"54021ee\" data-element_type=\"widget\" data-e-type=\"widget\" data-widget_type=\"text-editor.default\">\n\t\t\t\t\t\t\t\t\t<p data-start=\"1352\" data-end=\"1579\">Diese Website wird von Wildroots GmbH f\u00fcr die Marke <strong>Lumberjack\u2019s Snacks<\/strong> betrieben.<br data-start=\"1479\" data-end=\"1482\" \/>F\u00fcr Beschwerden, Fragen oder Mitteilungen kontaktieren Sie uns bitte unter: <a class=\"decorated-link cursor-pointer\" rel=\"noopener\" data-start=\"1558\" data-end=\"1578\">contact@wildroots.ch<\/a>.<\/p>\n<p><\/p>\n<p data-start=\"1581\" data-end=\"1697\">Die Nutzung dieser Website unterliegt den <strong>Allgemeinen Gesch\u00e4ftsbedingungen (AGB)<\/strong> sowie unserer <strong>Datenschutzerkl\u00e4rung<\/strong>.<\/p>\n\t\t\t\t\t\t\t\t<\/div>\n\t\t\t\t\t<\/div>\n\t\t\t\t<\/div>\n\t\t\t\t<\/div>\n\t\t","protected":false},"excerpt":{"rendered":"<p>Herausgeber der Website Wildroots GmbH Chemin de Maujobia 98CH-2000 Neuch\u00e2tel \u2013 SchweizUID \/ MwSt.: CHE-238.479.103Eingetragen im Handelsregister des Kantons NeuenburgRechtsform: Gesellschaft mit beschr\u00e4nkter Haftung Kontakt \ud83d\udce7 E-Mail: contact@wildroots.ch\ud83d\udcde Telefon: +41 79 806 98\ud83c\udf10 Website: www.lumberjackssnack.ch Gesetzlicher Vertreter David BaumannGesch\u00e4ftsf\u00fchrer der Wildroots GmbH Hosting Infomaniak Network SARue Eug\u00e8ne-Marziano 25, 1227 Gen\u00e8ve \u2013 Suissewww.infomaniak.com \ud83d\udccc Zus\u00e4tzliche Informationen [&hellip;]<\/p>\n","protected":false},"author":1,"featured_media":0,"parent":0,"menu_order":0,"comment_status":"closed","ping_status":"closed","template":"","meta":{"_acf_changed":false,"footnotes":""},"class_list":["post-1077","page","type-page","status-publish","hentry"],"acf":[],"_links":{"self":[{"href":"https:\/\/lumberjackssnack.ch\/de\/wp-json\/wp\/v2\/pages\/1077","targetHints":{"allow":["GET"]}}],"collection":[{"href":"https:\/\/lumberjackssnack.ch\/de\/wp-json\/wp\/v2\/pages"}],"about":[{"href":"https:\/\/lumberjackssnack.ch\/de\/wp-json\/wp\/v2\/types\/page"}],"author":[{"embeddable":true,"href":"https:\/\/lumberjackssnack.ch\/de\/wp-json\/wp\/v2\/users\/1"}],"replies":[{"embeddable":true,"href":"https:\/\/lumberjackssnack.ch\/de\/wp-json\/wp\/v2\/comments?post=1077"}],"version-history":[{"count":1,"href":"https:\/\/lumberjackssnack.ch\/de\/wp-json\/wp\/v2\/pages\/1077\/revisions"}],"predecessor-version":[{"id":1078,"href":"https:\/\/lumberjackssnack.ch\/de\/wp-json\/wp\/v2\/pages\/1077\/revisions\/1078"}],"wp:attachment":[{"href":"https:\/\/lumberjackssnack.ch\/de\/wp-json\/wp\/v2\/media?parent=1077"}],"curies":[{"name":"wp","href":"https:\/\/api.w.org\/{rel}","templated":true}]}}