{"id":1122,"date":"2025-11-10T09:13:38","date_gmt":"2025-11-10T09:13:38","guid":{"rendered":"https:\/\/lumberjackssnack.ch\/unsere-geschichte\/"},"modified":"2025-11-29T21:09:12","modified_gmt":"2025-11-29T21:09:12","slug":"unsere-geschichte","status":"publish","type":"page","link":"https:\/\/lumberjackssnack.ch\/de\/unsere-geschichte\/","title":{"rendered":"Unsere Geschichte"},"content":{"rendered":"\t\t<div data-elementor-type=\"wp-page\" data-elementor-id=\"1122\" class=\"elementor elementor-1122 elementor-485\" data-elementor-post-type=\"page\">\n\t\t\t\t<div class=\"elementor-element elementor-element-c4fd74b e-con-full e-flex e-con e-parent\" data-id=\"c4fd74b\" data-element_type=\"container\" data-e-type=\"container\" data-settings=\"{&quot;background_background&quot;:&quot;classic&quot;}\">\n\t\t\t\t<\/div>\n\t\t<div class=\"elementor-element elementor-element-2e426cc e-flex e-con-boxed e-con e-parent\" data-id=\"2e426cc\" data-element_type=\"container\" data-e-type=\"container\">\n\t\t\t\t\t<div class=\"e-con-inner\">\n\t\t<div class=\"elementor-element elementor-element-679db7b e-con-full e-flex e-con e-child\" data-id=\"679db7b\" data-element_type=\"container\" data-e-type=\"container\" data-settings=\"{&quot;background_background&quot;:&quot;classic&quot;}\">\n\t\t\t\t<div class=\"elementor-element elementor-element-4bf84e1 elementor-widget elementor-widget-heading\" data-id=\"4bf84e1\" data-element_type=\"widget\" data-e-type=\"widget\" data-widget_type=\"heading.default\">\n\t\t\t\t\t<h1 class=\"elementor-heading-title elementor-size-default\">Unsere Geschichte<\/h1>\t\t\t\t<\/div>\n\t\t\t\t<div class=\"elementor-element elementor-element-a350531 elementor-widget elementor-widget-text-editor\" data-id=\"a350531\" data-element_type=\"widget\" data-e-type=\"widget\" data-widget_type=\"text-editor.default\">\n\t\t\t\t\t\t\t\t\t<p data-start=\"1597\" data-end=\"1911\">Crunch, Ehrlichkeit, Sinn.<br data-start=\"1647\" data-end=\"1650\" \/>Nach Jahren, in denen alles angeblich verboten, ungesund, zu s\u00fcss, zu fett oder nicht bio genug war\u2026 hatten wir genug.<br data-start=\"1768\" data-end=\"1771\" \/>Kennst du dieses Gef\u00fchl auch? Wenn du einfach etwas Gutes essen willst, ohne deinen K\u00f6rper, den Planeten oder deine Grossmutter zu verraten.<\/p>\n<p><\/p>\n<p data-start=\"1913\" data-end=\"1922\">Wir auch.<\/p>\n<p><\/p>\n<p data-start=\"1924\" data-end=\"2070\">Also haben wir Lumberjack\u2019s Snacks gegr\u00fcndet: eine Snackmarke, die nicht verurteilt, nicht l\u00fcgt und den Genuss von einfachen Freuden zur\u00fcckbringt.<\/p>\n\t\t\t\t\t\t\t\t<\/div>\n\t\t\t\t<\/div>\n\t\t\t\t\t<\/div>\n\t\t\t\t<\/div>\n\t\t<div class=\"elementor-element elementor-element-03cffea e-flex e-con-boxed e-con e-parent\" data-id=\"03cffea\" data-element_type=\"container\" data-e-type=\"container\">\n\t\t\t\t\t<div class=\"e-con-inner\">\n\t\t<div class=\"elementor-element elementor-element-5d9d753 e-con-full e-flex e-con e-child\" data-id=\"5d9d753\" data-element_type=\"container\" data-e-type=\"container\" data-settings=\"{&quot;background_background&quot;:&quot;classic&quot;}\">\n\t\t<div class=\"elementor-element elementor-element-9f59105 e-con-full e-flex e-con e-child\" data-id=\"9f59105\" data-element_type=\"container\" data-e-type=\"container\" data-settings=\"{&quot;background_background&quot;:&quot;classic&quot;}\">\n\t\t\t\t<div class=\"elementor-element elementor-element-89d70fd elementor-widget elementor-widget-spacer\" data-id=\"89d70fd\" data-element_type=\"widget\" data-e-type=\"widget\" data-widget_type=\"spacer.default\">\n\t\t\t\t\t\t\t<div class=\"elementor-spacer\">\n\t\t\t<div class=\"elementor-spacer-inner\"><\/div>\n\t\t<\/div>\n\t\t\t\t\t\t<\/div>\n\t\t\t\t<\/div>\n\t\t\t\t<\/div>\n\t\t<div class=\"elementor-element elementor-element-9bc33b8 e-con-full e-flex e-con e-child\" data-id=\"9bc33b8\" data-element_type=\"container\" data-e-type=\"container\">\n\t\t\t\t<div class=\"elementor-element elementor-element-9ecdecc elementor-widget elementor-widget-heading\" data-id=\"9ecdecc\" data-element_type=\"widget\" data-e-type=\"widget\" data-widget_type=\"heading.default\">\n\t\t\t\t\t<h2 class=\"elementor-heading-title elementor-size-default\">Ein Snack, der Menschen verbindet<\/h2>\t\t\t\t<\/div>\n\t\t\t\t<div class=\"elementor-element elementor-element-d1932ef elementor-widget elementor-widget-text-editor\" data-id=\"d1932ef\" data-element_type=\"widget\" data-e-type=\"widget\" data-widget_type=\"text-editor.default\">\n\t\t\t\t\t\t\t\t\t<p data-start=\"2121\" data-end=\"2257\">Am Feuer, bei einer Pause im Wald, im B\u00fcro oder zu Hause:<br data-start=\"2178\" data-end=\"2181\" \/>Ein guter Snack ist ein Moment des Teilens \u2014 eine kleine Pause, ein L\u00e4cheln.<\/p>\n<p><\/p>\n<p data-start=\"2259\" data-end=\"2388\">Bei Lumberjack\u2019s Snacks m\u00f6gen wir Menschen.<br data-start=\"2302\" data-end=\"2305\" \/>Die echten. Die, die lachen, k\u00e4mpfen, schwitzen, sich k\u00fcmmern und ihr Bestes geben.<\/p>\n\t\t\t\t\t\t\t\t<\/div>\n\t\t\t\t<div class=\"elementor-element elementor-element-d6abe13 elementor-widget elementor-widget-text-editor\" data-id=\"d6abe13\" data-element_type=\"widget\" data-e-type=\"widget\" data-widget_type=\"text-editor.default\">\n\t\t\t\t\t\t\t\t\t<p>Nos emballages sont\u00a0<strong data-start=\"874\" data-end=\"895\">en carton recycl\u00e9<\/strong>. Parfois, ils ont des marques ou des plis. On trouve \u00e7a joli. Chaque cicatrice raconte une histoire. Et \u00e7a \u00e9vite de couper un arbre pour envoyer une gaufrette.<\/p>\n\t\t\t\t\t\t\t\t<\/div>\n\t\t\t\t<\/div>\n\t\t\t\t\t<\/div>\n\t\t\t\t<\/div>\n\t\t<div class=\"elementor-element elementor-element-53625dd e-con-full e-flex e-con e-parent\" data-id=\"53625dd\" data-element_type=\"container\" data-e-type=\"container\" data-settings=\"{&quot;background_background&quot;:&quot;classic&quot;}\">\n\t\t\t\t<\/div>\n\t\t<div class=\"elementor-element elementor-element-a91ac27 e-flex e-con-boxed e-con e-parent\" data-id=\"a91ac27\" data-element_type=\"container\" data-e-type=\"container\">\n\t\t\t\t\t<div class=\"e-con-inner\">\n\t\t<div class=\"elementor-element elementor-element-1c3424d e-con-full e-flex e-con e-child\" data-id=\"1c3424d\" data-element_type=\"container\" data-e-type=\"container\" data-settings=\"{&quot;background_background&quot;:&quot;classic&quot;}\">\n\t\t\t\t<div class=\"elementor-element elementor-element-fb8fe49 elementor-widget elementor-widget-heading\" data-id=\"fb8fe49\" data-element_type=\"widget\" data-e-type=\"widget\" data-widget_type=\"heading.default\">\n\t\t\t\t\t<h1 class=\"elementor-heading-title elementor-size-default\">Was wir wirklich wollten<\/h1>\t\t\t\t<\/div>\n\t\t\t\t<div class=\"elementor-element elementor-element-6b75ff1 elementor-widget elementor-widget-text-editor\" data-id=\"6b75ff1\" data-element_type=\"widget\" data-e-type=\"widget\" data-widget_type=\"text-editor.default\">\n\t\t\t\t\t\t\t\t\t<p><strong>Der Geschmack von Hausgemacht \u2014 ohne den Stress von Hausgemacht.<\/strong><br data-start=\"2494\" data-end=\"2497\" \/>Etwas Einfaches, Ehrliches, Gut durchdachtes.<br data-start=\"2542\" data-end=\"2545\" \/>Und nach vielem Probieren, Anpassen, Abschmecken und Zuh\u00f6ren\u2026<br data-start=\"2606\" data-end=\"2609\" \/>sind wir richtig stolz auf das, was wir heute anbieten.<\/p>\n\t\t\t\t\t\t\t\t<\/div>\n\t\t\t\t<\/div>\n\t\t\t\t\t<\/div>\n\t\t\t\t<\/div>\n\t\t<div class=\"elementor-element elementor-element-cf84e08 e-flex e-con-boxed e-con e-parent\" data-id=\"cf84e08\" data-element_type=\"container\" data-e-type=\"container\">\n\t\t\t\t\t<div class=\"e-con-inner\">\n\t\t<div class=\"elementor-element elementor-element-522ab9b e-con-full e-flex e-con e-child\" data-id=\"522ab9b\" data-element_type=\"container\" data-e-type=\"container\">\n\t\t\t\t<div class=\"elementor-element elementor-element-64a501f elementor-widget elementor-widget-heading\" data-id=\"64a501f\" data-element_type=\"widget\" data-e-type=\"widget\" data-widget_type=\"heading.default\">\n\t\t\t\t\t<h2 class=\"elementor-heading-title elementor-size-default\">F\u00fcr wen? Und warum?<\/h2>\t\t\t\t<\/div>\n\t\t\t\t<div class=\"elementor-element elementor-element-c5c46fe elementor-widget elementor-widget-text-editor\" data-id=\"c5c46fe\" data-element_type=\"widget\" data-e-type=\"widget\" data-widget_type=\"text-editor.default\">\n\t\t\t\t\t\t\t\t\t<ul>\n<li>F\u00fcr Eltern, die einen cleveren Snack f\u00fcr ihre Kids wollen.<\/li>\n<li>F\u00fcr Berufst\u00e4tige, die hart arbeiten und mehr wollen als einen faden Salat zu Mittag.<\/li>\n<li>F\u00fcr Sportler, die vor oder nach dem Training etwas Crunch suchen.<\/li>\n<li>Und f\u00fcr alle, die leben wollen \u2014 ohne auf das Leben zu verzichten.<\/li>\n<\/ul>\n\t\t\t\t\t\t\t\t<\/div>\n\t\t\t\t<div class=\"elementor-element elementor-element-c3e10cc elementor-widget elementor-widget-button\" data-id=\"c3e10cc\" data-element_type=\"widget\" data-e-type=\"widget\" data-widget_type=\"button.default\">\n\t\t\t\t\t\t\t\t\t\t<a class=\"elementor-button elementor-button-link elementor-size-sm\" href=\"https:\/\/www.infomaniak.com\/fr\/ecologie\/engagements\" target=\"_blank\">\n\t\t\t\t\t\t<span class=\"elementor-button-content-wrapper\">\n\t\t\t\t\t\t\t\t\t<span class=\"elementor-button-text\">En savoir plus...<\/span>\n\t\t\t\t\t<\/span>\n\t\t\t\t\t<\/a>\n\t\t\t\t\t\t\t\t<\/div>\n\t\t\t\t<\/div>\n\t\t<div class=\"elementor-element elementor-element-a2577f4 e-con-full e-flex e-con e-child\" data-id=\"a2577f4\" data-element_type=\"container\" data-e-type=\"container\" data-settings=\"{&quot;background_background&quot;:&quot;classic&quot;}\">\n\t\t<div class=\"elementor-element elementor-element-6cbd5e1 e-con-full e-flex e-con e-child\" data-id=\"6cbd5e1\" data-element_type=\"container\" data-e-type=\"container\" data-settings=\"{&quot;background_background&quot;:&quot;classic&quot;}\">\n\t\t\t\t<div class=\"elementor-element elementor-element-b84360e elementor-widget elementor-widget-spacer\" data-id=\"b84360e\" data-element_type=\"widget\" data-e-type=\"widget\" data-widget_type=\"spacer.default\">\n\t\t\t\t\t\t\t<div class=\"elementor-spacer\">\n\t\t\t<div class=\"elementor-spacer-inner\"><\/div>\n\t\t<\/div>\n\t\t\t\t\t\t<\/div>\n\t\t\t\t<\/div>\n\t\t\t\t<\/div>\n\t\t\t\t\t<\/div>\n\t\t\t\t<\/div>\n\t\t<div class=\"elementor-element elementor-element-1cb0322 e-flex e-con-boxed e-con e-parent\" data-id=\"1cb0322\" data-element_type=\"container\" data-e-type=\"container\">\n\t\t\t\t\t<div class=\"e-con-inner\">\n\t\t<div class=\"elementor-element elementor-element-f01f63f e-con-full e-flex e-con e-child\" data-id=\"f01f63f\" data-element_type=\"container\" data-e-type=\"container\">\n\t\t\t\t<div class=\"elementor-element elementor-element-15f989f elementor-widget elementor-widget-heading\" data-id=\"15f989f\" data-element_type=\"widget\" data-e-type=\"widget\" data-widget_type=\"heading.default\">\n\t\t\t\t\t<h2 class=\"elementor-heading-title elementor-size-default\">Schliess dich uns an<\/h2>\t\t\t\t<\/div>\n\t\t\t\t<div class=\"elementor-element elementor-element-b0e598a elementor-widget elementor-widget-text-editor\" data-id=\"b0e598a\" data-element_type=\"widget\" data-e-type=\"widget\" data-widget_type=\"text-editor.default\">\n\t\t\t\t\t\t\t\t\t<p>Crunch, teile, geniess.<br data-start=\"3044\" data-end=\"3047\" \/>Wie w\u00e4re es, wieder zum Wesentlichen zur\u00fcckzukehren?<\/p>\n\t\t\t\t\t\t\t\t<\/div>\n\t\t\t\t<\/div>\n\t\t\t\t\t<\/div>\n\t\t\t\t<\/div>\n\t\t\t\t<\/div>\n\t\t","protected":false},"excerpt":{"rendered":"<p>Unsere Geschichte Crunch, Ehrlichkeit, Sinn.Nach Jahren, in denen alles angeblich verboten, ungesund, zu s\u00fcss, zu fett oder nicht bio genug war\u2026 hatten wir genug.Kennst du dieses Gef\u00fchl auch? Wenn du einfach etwas Gutes essen willst, ohne deinen K\u00f6rper, den Planeten oder deine Grossmutter zu verraten. Wir auch. Also haben wir Lumberjack\u2019s Snacks gegr\u00fcndet: eine Snackmarke, [&hellip;]<\/p>\n","protected":false},"author":1,"featured_media":0,"parent":0,"menu_order":0,"comment_status":"closed","ping_status":"closed","template":"","meta":{"_acf_changed":false,"footnotes":""},"class_list":["post-1122","page","type-page","status-publish","hentry"],"acf":[],"_links":{"self":[{"href":"https:\/\/lumberjackssnack.ch\/de\/wp-json\/wp\/v2\/pages\/1122","targetHints":{"allow":["GET"]}}],"collection":[{"href":"https:\/\/lumberjackssnack.ch\/de\/wp-json\/wp\/v2\/pages"}],"about":[{"href":"https:\/\/lumberjackssnack.ch\/de\/wp-json\/wp\/v2\/types\/page"}],"author":[{"embeddable":true,"href":"https:\/\/lumberjackssnack.ch\/de\/wp-json\/wp\/v2\/users\/1"}],"replies":[{"embeddable":true,"href":"https:\/\/lumberjackssnack.ch\/de\/wp-json\/wp\/v2\/comments?post=1122"}],"version-history":[{"count":1,"href":"https:\/\/lumberjackssnack.ch\/de\/wp-json\/wp\/v2\/pages\/1122\/revisions"}],"predecessor-version":[{"id":1123,"href":"https:\/\/lumberjackssnack.ch\/de\/wp-json\/wp\/v2\/pages\/1122\/revisions\/1123"}],"wp:attachment":[{"href":"https:\/\/lumberjackssnack.ch\/de\/wp-json\/wp\/v2\/media?parent=1122"}],"curies":[{"name":"wp","href":"https:\/\/api.w.org\/{rel}","templated":true}]}}