{"id":1264,"date":"2025-11-04T15:21:11","date_gmt":"2025-11-04T15:21:11","guid":{"rendered":"https:\/\/lumberjackssnack.ch\/datenschutzerklaerung\/"},"modified":"2025-12-18T13:54:42","modified_gmt":"2025-12-18T13:54:42","slug":"datenschutzerklaerung","status":"publish","type":"page","link":"https:\/\/lumberjackssnack.ch\/de\/datenschutzerklaerung\/","title":{"rendered":"Datenschutzerkl\u00e4rung"},"content":{"rendered":"\t\t<div data-elementor-type=\"wp-page\" data-elementor-id=\"1264\" class=\"elementor elementor-1264 elementor-3\" data-elementor-post-type=\"page\">\n\t\t\t\t<div class=\"elementor-element elementor-element-3135e9e1 e-flex e-con-boxed e-con e-parent\" data-id=\"3135e9e1\" data-element_type=\"container\" data-e-type=\"container\">\n\t\t\t\t\t<div class=\"e-con-inner\">\n\t\t\t\t<div class=\"elementor-element elementor-element-052452a elementor-widget elementor-widget-heading\" data-id=\"052452a\" data-element_type=\"widget\" data-e-type=\"widget\" data-widget_type=\"heading.default\">\n\t\t\t\t\t<h1 class=\"elementor-heading-title elementor-size-default\">Datenschutzerkl\u00e4rung<\/h1>\t\t\t\t<\/div>\n\t\t\t\t<div class=\"elementor-element elementor-element-6abc125 elementor-widget elementor-widget-text-editor\" data-id=\"6abc125\" data-element_type=\"widget\" data-e-type=\"widget\" data-widget_type=\"text-editor.default\">\n\t\t\t\t\t\t\t\t\t<p>Letzte Aktualisierung: 01.05.2025<\/p>\n\t\t\t\t\t\t\t\t<\/div>\n\t\t\t\t<div class=\"elementor-element elementor-element-f2294e6 elementor-widget-divider--view-line elementor-widget elementor-widget-divider\" data-id=\"f2294e6\" data-element_type=\"widget\" data-e-type=\"widget\" data-widget_type=\"divider.default\">\n\t\t\t\t\t\t\t<div class=\"elementor-divider\">\n\t\t\t<span class=\"elementor-divider-separator\">\n\t\t\t\t\t\t<\/span>\n\t\t<\/div>\n\t\t\t\t\t\t<\/div>\n\t\t\t\t<div class=\"elementor-element elementor-element-2b410f9 elementor-widget elementor-widget-heading\" data-id=\"2b410f9\" data-element_type=\"widget\" data-e-type=\"widget\" data-widget_type=\"heading.default\">\n\t\t\t\t\t<h2 class=\"elementor-heading-title elementor-size-default\">1. Einleitung<\/h2>\t\t\t\t<\/div>\n\t\t\t\t<div class=\"elementor-element elementor-element-9c5921d elementor-widget elementor-widget-text-editor\" data-id=\"9c5921d\" data-element_type=\"widget\" data-e-type=\"widget\" data-widget_type=\"text-editor.default\">\n\t\t\t\t\t\t\t\t\t<p>Die vorliegende Datenschutzerkl\u00e4rung erl\u00e4utert, wie wir Ihre personenbezogenen Daten erfassen, verwenden, sch\u00fctzen und weitergeben, wenn Sie unsere Website <a>www.lumberjackssnack.ch<\/a> nutzen. Wir verpflichten uns, Ihre Privatsph\u00e4re zu respektieren und Ihre personenbezogenen Daten zu sch\u00fctzen.<\/p><br><p>Durch den Zugriff auf unsere Website und die Nutzung unserer Dienste erkl\u00e4ren Sie sich mit den Bedingungen dieser Erkl\u00e4rung einverstanden.\t\t\t\t\t\t\t\t<\/div>\n\t\t\t\t<div class=\"elementor-element elementor-element-2fb616d elementor-widget-divider--view-line elementor-widget elementor-widget-divider\" data-id=\"2fb616d\" data-element_type=\"widget\" data-e-type=\"widget\" data-widget_type=\"divider.default\">\n\t\t\t\t\t\t\t<div class=\"elementor-divider\">\n\t\t\t<span class=\"elementor-divider-separator\">\n\t\t\t\t\t\t<\/span>\n\t\t<\/div>\n\t\t\t\t\t\t<\/div>\n\t\t\t\t<div class=\"elementor-element elementor-element-f829e1b elementor-widget elementor-widget-heading\" data-id=\"f829e1b\" data-element_type=\"widget\" data-e-type=\"widget\" data-widget_type=\"heading.default\">\n\t\t\t\t\t<h2 class=\"elementor-heading-title elementor-size-default\">2. Erfasste Informationen<\/h2>\t\t\t\t<\/div>\n\t\t\t\t<div class=\"elementor-element elementor-element-6db0312 elementor-widget elementor-widget-heading\" data-id=\"6db0312\" data-element_type=\"widget\" data-e-type=\"widget\" data-widget_type=\"heading.default\">\n\t\t\t\t\t<h2 class=\"elementor-heading-title elementor-size-default\">a. Informationen, die wir direkt erfassen<\/h2>\t\t\t\t<\/div>\n\t\t\t\t<div class=\"elementor-element elementor-element-13131d0 elementor-widget elementor-widget-text-editor\" data-id=\"13131d0\" data-element_type=\"widget\" data-e-type=\"widget\" data-widget_type=\"text-editor.default\">\n\t\t\t\t\t\t\t\t\t<p>Bei Ihrer Registrierung, Bestellung oder Interaktion auf unserer Website erfassen wir:<\/p><br><ul>\r\n<li>Ihren vollst\u00e4ndigen Namen<\/li>\r\n<li>E-Mail-Adresse<\/li>\r\n<li>Rechnungs- und Lieferadresse<\/li>\r\n<li>Telefonnummer<\/li>\r\n<li>Zahlungsinformationen (\u00fcber Saferpay oder TWINT)<\/li>\r\n<li>b. Automatisch erfasste Informationen<\/li>\r\n<\/ul><br><p>W\u00e4hrend Sie auf unserer Website surfen, erfassen wir automatisch:<\/p><br><ul>\r\n<li>IP-Adresse<\/li>\r\n<li>Browsertyp<\/li>\r\n<li>Aufgerufene Seiten<\/li>\r\n<li>Verweisende Seite<\/li>\r\n<li>Datum und Uhrzeit des Besuchs<\/li>\r\n<\/ul><br><p>Diese Daten werden \u00fcber technische Cookies und anonymisierte Analyse-Tools erfasst.<\/p>\t\t\t\t\t\t\t\t<\/div>\n\t\t\t\t<div class=\"elementor-element elementor-element-26033cc elementor-widget elementor-widget-heading\" data-id=\"26033cc\" data-element_type=\"widget\" data-e-type=\"widget\" data-widget_type=\"heading.default\">\n\t\t\t\t\t<h2 class=\"elementor-heading-title elementor-size-default\">c. Zahlungsdaten<\/h2>\t\t\t\t<\/div>\n\t\t\t\t<div class=\"elementor-element elementor-element-3a8b383 elementor-widget elementor-widget-text-editor\" data-id=\"3a8b383\" data-element_type=\"widget\" data-e-type=\"widget\" data-widget_type=\"text-editor.default\">\n\t\t\t\t\t\t\t\t\t<p>Wir speichern keine Bankdaten. Die Transaktionen werden von unseren Zahlungsdienstleistern (Saferpay, TWINT) sicher abgewickelt. <\/p>\n\t\t\t\t\t\t\t\t<\/div>\n\t\t\t\t<div class=\"elementor-element elementor-element-de04768 elementor-widget-divider--view-line elementor-widget elementor-widget-divider\" data-id=\"de04768\" data-element_type=\"widget\" data-e-type=\"widget\" data-widget_type=\"divider.default\">\n\t\t\t\t\t\t\t<div class=\"elementor-divider\">\n\t\t\t<span class=\"elementor-divider-separator\">\n\t\t\t\t\t\t<\/span>\n\t\t<\/div>\n\t\t\t\t\t\t<\/div>\n\t\t\t\t<div class=\"elementor-element elementor-element-dcd0f58 elementor-widget elementor-widget-heading\" data-id=\"dcd0f58\" data-element_type=\"widget\" data-e-type=\"widget\" data-widget_type=\"heading.default\">\n\t\t\t\t\t<h2 class=\"elementor-heading-title elementor-size-default\">3. Weitergabe Ihrer Daten an Dritte<\/h2>\t\t\t\t<\/div>\n\t\t\t\t<div class=\"elementor-element elementor-element-92d192e elementor-widget elementor-widget-text-editor\" data-id=\"92d192e\" data-element_type=\"widget\" data-e-type=\"widget\" data-widget_type=\"text-editor.default\">\n\t\t\t\t\t\t\t\t\t<p>Ihre Daten k\u00f6nnen weitergegeben werden an:<\/p><br><ul data-spread=\"false\">\r\n<li>\r\n<p><strong>Infomaniak<\/strong>: Hosting unserer Website in der Schweiz.<\/p>\r\n<\/li>\r\n<li>\r\n<p><strong>Saferpay \/ TWINT<\/strong>: sichere Zahlungsabwicklung.<\/p>\r\n<\/li>\r\n<li>\r\n<p><strong>Bexio<\/strong>: Buchhaltung und Rechnungsstellung.<\/p>\r\n<\/li>\r\n<li>\r\n<p><strong>Die Schweizerische Post und Planzer<\/strong>: Lieferung Ihrer Bestellungen.<\/p>\r\n<\/li>\r\n<li>\r\n<p><strong>Partnerprogramm<\/strong> (SliceWP): Nachverfolgung von Partnerverk\u00e4ufen. <\/p>\r\n<\/li>\r\n<\/ul><br><p>Wir geben nur Daten weiter, die f\u00fcr die Erbringung unserer Dienstleistungen erforderlich sind. <\/p>\t\t\t\t\t\t\t\t<\/div>\n\t\t\t\t<div class=\"elementor-element elementor-element-b613a2d elementor-widget-divider--view-line elementor-widget elementor-widget-divider\" data-id=\"b613a2d\" data-element_type=\"widget\" data-e-type=\"widget\" data-widget_type=\"divider.default\">\n\t\t\t\t\t\t\t<div class=\"elementor-divider\">\n\t\t\t<span class=\"elementor-divider-separator\">\n\t\t\t\t\t\t<\/span>\n\t\t<\/div>\n\t\t\t\t\t\t<\/div>\n\t\t\t\t<div class=\"elementor-element elementor-element-ebca70b elementor-widget elementor-widget-heading\" data-id=\"ebca70b\" data-element_type=\"widget\" data-e-type=\"widget\" data-widget_type=\"heading.default\">\n\t\t\t\t\t<h2 class=\"elementor-heading-title elementor-size-default\">4. Verwendung der Informationen<\/h2>\t\t\t\t<\/div>\n\t\t\t\t<div class=\"elementor-element elementor-element-f7c0219 elementor-widget elementor-widget-text-editor\" data-id=\"f7c0219\" data-element_type=\"widget\" data-e-type=\"widget\" data-widget_type=\"text-editor.default\">\n\t\t\t\t\t\t\t\t\t<p>Ihre Daten werden verwendet f\u00fcr:<\/p><br><ul data-spread=\"false\">\r\n<li>\r\n<p>Die Bearbeitung Ihrer Bestellungen und Zahlungen<\/p>\r\n<\/li>\r\n<li>\r\n<p>Die Zusendung von Informationen zu Ihren Bestellungen<\/p>\r\n<\/li>\r\n<li>\r\n<p>den Kundenservice zu verwalten<\/p>\r\n<\/li>\r\n<li>\r\n<p>unseren gesetzlichen und steuerlichen Verpflichtungen nachzukommen<\/p>\r\n<\/li>\r\n<li>\r\n<p>Ihnen Marketingmitteilungen zu senden, wenn Sie dem zugestimmt haben<\/p>\r\n<\/li>\r\n<\/ul>\t\t\t\t\t\t\t\t<\/div>\n\t\t\t\t<div class=\"elementor-element elementor-element-dc3ff1b elementor-widget-divider--view-line elementor-widget elementor-widget-divider\" data-id=\"dc3ff1b\" data-element_type=\"widget\" data-e-type=\"widget\" data-widget_type=\"divider.default\">\n\t\t\t\t\t\t\t<div class=\"elementor-divider\">\n\t\t\t<span class=\"elementor-divider-separator\">\n\t\t\t\t\t\t<\/span>\n\t\t<\/div>\n\t\t\t\t\t\t<\/div>\n\t\t\t\t<div class=\"elementor-element elementor-element-896f464 elementor-widget elementor-widget-heading\" data-id=\"896f464\" data-element_type=\"widget\" data-e-type=\"widget\" data-widget_type=\"heading.default\">\n\t\t\t\t\t<h2 class=\"elementor-heading-title elementor-size-default\">5. Informationssicherheit<\/h2>\t\t\t\t<\/div>\n\t\t\t\t<div class=\"elementor-element elementor-element-41a67b2 elementor-widget elementor-widget-text-editor\" data-id=\"41a67b2\" data-element_type=\"widget\" data-e-type=\"widget\" data-widget_type=\"text-editor.default\">\n\t\t\t\t\t\t\t\t\t<p>Wir wenden geeignete technische und organisatorische Sicherheitsma\u00dfnahmen an, um Ihre Daten zu sch\u00fctzen. Allerdings ist kein System absolut sicher.<\/p>\n\t\t\t\t\t\t\t\t<\/div>\n\t\t\t\t<div class=\"elementor-element elementor-element-34f995c elementor-widget-divider--view-line elementor-widget elementor-widget-divider\" data-id=\"34f995c\" data-element_type=\"widget\" data-e-type=\"widget\" data-widget_type=\"divider.default\">\n\t\t\t\t\t\t\t<div class=\"elementor-divider\">\n\t\t\t<span class=\"elementor-divider-separator\">\n\t\t\t\t\t\t<\/span>\n\t\t<\/div>\n\t\t\t\t\t\t<\/div>\n\t\t\t\t<div class=\"elementor-element elementor-element-2734c3d elementor-widget elementor-widget-heading\" data-id=\"2734c3d\" data-element_type=\"widget\" data-e-type=\"widget\" data-widget_type=\"heading.default\">\n\t\t\t\t\t<h2 class=\"elementor-heading-title elementor-size-default\">6. Aufbewahrung der Daten<\/h2>\t\t\t\t<\/div>\n\t\t\t\t<div class=\"elementor-element elementor-element-9462f9c elementor-widget elementor-widget-text-editor\" data-id=\"9462f9c\" data-element_type=\"widget\" data-e-type=\"widget\" data-widget_type=\"text-editor.default\">\n\t\t\t\t\t\t\t\t\t<p>Wir speichern Ihre personenbezogenen Daten nur so lange, wie es zur Erf\u00fcllung unserer vertraglichen, gesetzlichen und steuerlichen Verpflichtungen erforderlich ist.<\/p>\n\t\t\t\t\t\t\t\t<\/div>\n\t\t\t\t<div class=\"elementor-element elementor-element-6fbad15 elementor-widget-divider--view-line elementor-widget elementor-widget-divider\" data-id=\"6fbad15\" data-element_type=\"widget\" data-e-type=\"widget\" data-widget_type=\"divider.default\">\n\t\t\t\t\t\t\t<div class=\"elementor-divider\">\n\t\t\t<span class=\"elementor-divider-separator\">\n\t\t\t\t\t\t<\/span>\n\t\t<\/div>\n\t\t\t\t\t\t<\/div>\n\t\t\t\t<div class=\"elementor-element elementor-element-4548fe7 elementor-widget elementor-widget-heading\" data-id=\"4548fe7\" data-element_type=\"widget\" data-e-type=\"widget\" data-widget_type=\"heading.default\">\n\t\t\t\t\t<h2 class=\"elementor-heading-title elementor-size-default\">7. Ihre Rechte<\/h2>\t\t\t\t<\/div>\n\t\t\t\t<div class=\"elementor-element elementor-element-16ceaf3 elementor-widget elementor-widget-text-editor\" data-id=\"16ceaf3\" data-element_type=\"widget\" data-e-type=\"widget\" data-widget_type=\"text-editor.default\">\n\t\t\t\t\t\t\t\t\t<p>Gem\u00e4\u00df dem Schweizer nLPD und der DSGVO haben Sie folgende Rechte:<\/p><br><ul data-spread=\"false\">\r\n<li>\r\n<p>Zugriff auf Ihre personenbezogenen Daten<\/p>\r\n<\/li>\r\n<li>\r\n<p>Berichtigung oder Aktualisierung Ihrer Daten<\/p>\r\n<\/li>\r\n<li>\r\n<p>Unter bestimmten Bedingungen deren L\u00f6schung beantragen<\/p>\r\n<\/li>\r\n<li>\r\n<p>Ihre Einwilligung jederzeit widerrufen<\/p>\r\n<\/li>\r\n<\/ul><br><p>Um Ihre Rechte auszu\u00fcben, kontaktieren Sie uns bitte unter <a>hello@lumberjackssnack.ch<\/a>.<\/p>\t\t\t\t\t\t\t\t<\/div>\n\t\t\t\t<div class=\"elementor-element elementor-element-08c3507 elementor-widget-divider--view-line elementor-widget elementor-widget-divider\" data-id=\"08c3507\" data-element_type=\"widget\" data-e-type=\"widget\" data-widget_type=\"divider.default\">\n\t\t\t\t\t\t\t<div class=\"elementor-divider\">\n\t\t\t<span class=\"elementor-divider-separator\">\n\t\t\t\t\t\t<\/span>\n\t\t<\/div>\n\t\t\t\t\t\t<\/div>\n\t\t\t\t<div class=\"elementor-element elementor-element-b4b6913 elementor-widget elementor-widget-heading\" data-id=\"b4b6913\" data-element_type=\"widget\" data-e-type=\"widget\" data-widget_type=\"heading.default\">\n\t\t\t\t\t<h2 class=\"elementor-heading-title elementor-size-default\">8. Cookies<\/h2>\t\t\t\t<\/div>\n\t\t\t\t<div class=\"elementor-element elementor-element-b4bcc43 elementor-widget elementor-widget-text-editor\" data-id=\"b4bcc43\" data-element_type=\"widget\" data-e-type=\"widget\" data-widget_type=\"text-editor.default\">\n\t\t\t\t\t\t\t\t\t<p>Unsere Website verwendet Cookies, die f\u00fcr ihren Betrieb erforderlich sind. Optionale Cookies k\u00f6nnen zu statistischen und Marketingzwecken verwendet werden, jedoch nur mit Ihrer Zustimmung \u00fcber unseren Cookie-Manager Biskoui.<\/p><br><p>Sie k\u00f6nnen Ihre Einstellungen jederzeit \u00e4ndern.\t\t\t\t\t\t\t\t<\/div>\n\t\t\t\t<div class=\"elementor-element elementor-element-53f28e5 elementor-widget-divider--view-line elementor-widget elementor-widget-divider\" data-id=\"53f28e5\" data-element_type=\"widget\" data-e-type=\"widget\" data-widget_type=\"divider.default\">\n\t\t\t\t\t\t\t<div class=\"elementor-divider\">\n\t\t\t<span class=\"elementor-divider-separator\">\n\t\t\t\t\t\t<\/span>\n\t\t<\/div>\n\t\t\t\t\t\t<\/div>\n\t\t\t\t<div class=\"elementor-element elementor-element-09d3306 elementor-widget elementor-widget-heading\" data-id=\"09d3306\" data-element_type=\"widget\" data-e-type=\"widget\" data-widget_type=\"heading.default\">\n\t\t\t\t\t<h2 class=\"elementor-heading-title elementor-size-default\">9. \u00c4nderungen der Richtlinie<\/h2>\t\t\t\t<\/div>\n\t\t\t\t<div class=\"elementor-element elementor-element-d5e0741 elementor-widget elementor-widget-text-editor\" data-id=\"d5e0741\" data-element_type=\"widget\" data-e-type=\"widget\" data-widget_type=\"text-editor.default\">\n\t\t\t\t\t\t\t\t\t<p>Wir behalten uns das Recht vor, diese Richtlinie zu \u00e4ndern. \u00c4nderungen werden auf dieser Seite mit dem Datum der Aktualisierung ver\u00f6ffentlicht.<\/p><br><div> <\/div>\t\t\t\t\t\t\t\t<\/div>\n\t\t\t\t<div class=\"elementor-element elementor-element-260ed96 elementor-widget-divider--view-line elementor-widget elementor-widget-divider\" data-id=\"260ed96\" data-element_type=\"widget\" data-e-type=\"widget\" data-widget_type=\"divider.default\">\n\t\t\t\t\t\t\t<div class=\"elementor-divider\">\n\t\t\t<span class=\"elementor-divider-separator\">\n\t\t\t\t\t\t<\/span>\n\t\t<\/div>\n\t\t\t\t\t\t<\/div>\n\t\t\t\t<div class=\"elementor-element elementor-element-be0bd3e elementor-widget elementor-widget-heading\" data-id=\"be0bd3e\" data-element_type=\"widget\" data-e-type=\"widget\" data-widget_type=\"heading.default\">\n\t\t\t\t\t<h2 class=\"elementor-heading-title elementor-size-default\">10. Kontakt<\/h2>\t\t\t\t<\/div>\n\t\t\t\t<div class=\"elementor-element elementor-element-77e2ca3 elementor-widget elementor-widget-text-editor\" data-id=\"77e2ca3\" data-element_type=\"widget\" data-e-type=\"widget\" data-widget_type=\"text-editor.default\">\n\t\t\t\t\t\t\t\t\t<p>Bei Fragen zu dieser Richtlinie oder zur Verarbeitung Ihrer personenbezogenen Daten:<\/p><br><p><strong>Unternehmen<\/strong>: Wildroots S\u00e0rl<br \/><strong>Verantwortlicher<\/strong>: David Baumann<br \/><strong>Adresse<\/strong>: Ch. de Maujobia 98, 2000 Neuenburg, Schweiz<br \/><strong>E-Mail<\/strong>:\u00a0<a>hello@lumberjackssnack.ch<\/a><br \/><strong>Telefon<\/strong>: +41 79 806 00 98<\/p>\t\t\t\t\t\t\t\t<\/div>\n\t\t\t\t\t<\/div>\n\t\t\t\t<\/div>\n\t\t\t\t<\/div>\n\t\t","protected":false},"excerpt":{"rendered":"<p>Datenschutzerkl\u00e4rung Letzte Aktualisierung: 01.05.2025 1. Einleitung Die vorliegende Datenschutzerkl\u00e4rung erl\u00e4utert, wie wir Ihre personenbezogenen Daten erfassen, verwenden, sch\u00fctzen und weitergeben, wenn Sie unsere Website www.lumberjackssnack.ch nutzen. Wir verpflichten uns, Ihre Privatsph\u00e4re zu respektieren und Ihre personenbezogenen Daten zu sch\u00fctzen. Durch den Zugriff auf unsere Website und die Nutzung unserer Dienste erkl\u00e4ren Sie sich mit den [&hellip;]<\/p>\n","protected":false},"author":1,"featured_media":0,"parent":0,"menu_order":0,"comment_status":"closed","ping_status":"closed","template":"","meta":{"_acf_changed":false,"footnotes":""},"class_list":["post-1264","page","type-page","status-publish","hentry"],"acf":[],"_links":{"self":[{"href":"https:\/\/lumberjackssnack.ch\/de\/wp-json\/wp\/v2\/pages\/1264","targetHints":{"allow":["GET"]}}],"collection":[{"href":"https:\/\/lumberjackssnack.ch\/de\/wp-json\/wp\/v2\/pages"}],"about":[{"href":"https:\/\/lumberjackssnack.ch\/de\/wp-json\/wp\/v2\/types\/page"}],"author":[{"embeddable":true,"href":"https:\/\/lumberjackssnack.ch\/de\/wp-json\/wp\/v2\/users\/1"}],"replies":[{"embeddable":true,"href":"https:\/\/lumberjackssnack.ch\/de\/wp-json\/wp\/v2\/comments?post=1264"}],"version-history":[{"count":1,"href":"https:\/\/lumberjackssnack.ch\/de\/wp-json\/wp\/v2\/pages\/1264\/revisions"}],"predecessor-version":[{"id":1265,"href":"https:\/\/lumberjackssnack.ch\/de\/wp-json\/wp\/v2\/pages\/1264\/revisions\/1265"}],"wp:attachment":[{"href":"https:\/\/lumberjackssnack.ch\/de\/wp-json\/wp\/v2\/media?parent=1264"}],"curies":[{"name":"wp","href":"https:\/\/api.w.org\/{rel}","templated":true}]}}