{"id":1273,"date":"2025-11-10T06:54:03","date_gmt":"2025-11-10T06:54:03","guid":{"rendered":"https:\/\/lumberjackssnack.ch\/faq\/"},"modified":"2025-12-18T14:03:26","modified_gmt":"2025-12-18T14:03:26","slug":"faq","status":"publish","type":"page","link":"https:\/\/lumberjackssnack.ch\/de\/faq\/","title":{"rendered":"FAQ"},"content":{"rendered":"\t\t<div data-elementor-type=\"wp-page\" data-elementor-id=\"1273\" class=\"elementor elementor-1273 elementor-396\" data-elementor-post-type=\"page\">\n\t\t\t\t<div class=\"elementor-element elementor-element-2f7defe e-flex e-con-boxed e-con e-parent\" data-id=\"2f7defe\" data-element_type=\"container\" data-e-type=\"container\">\n\t\t\t\t\t<div class=\"e-con-inner\">\n\t\t\t\t<div class=\"elementor-element elementor-element-64717f5 elementor-widget elementor-widget-heading\" data-id=\"64717f5\" data-element_type=\"widget\" data-e-type=\"widget\" data-widget_type=\"heading.default\">\n\t\t\t\t\t<h1 class=\"elementor-heading-title elementor-size-default\">FAQ<\/h1>\t\t\t\t<\/div>\n\t\t\t\t<div class=\"elementor-element elementor-element-5f5f8b4 elementor-widget elementor-widget-n-accordion\" data-id=\"5f5f8b4\" data-element_type=\"widget\" data-e-type=\"widget\" data-settings=\"{&quot;default_state&quot;:&quot;expanded&quot;,&quot;max_items_expended&quot;:&quot;one&quot;,&quot;n_accordion_animation_duration&quot;:{&quot;unit&quot;:&quot;ms&quot;,&quot;size&quot;:400,&quot;sizes&quot;:[]}}\" data-widget_type=\"nested-accordion.default\">\n\t\t\t\t\t\t\t<div class=\"e-n-accordion\" aria-label=\"Accordion. Open links with Enter or Space, close with Escape, and navigate with Arrow Keys\">\n\t\t\t\t\t\t<details id=\"e-n-accordion-item-1000\" class=\"e-n-accordion-item\" open>\n\t\t\t\t<summary class=\"e-n-accordion-item-title\" data-accordion-index=\"1\" tabindex=\"0\" aria-expanded=\"true\" aria-controls=\"e-n-accordion-item-1000\" >\n\t\t\t\t\t<span class='e-n-accordion-item-title-header'><div class=\"e-n-accordion-item-title-text\"> Sind Snacks wirklich gesund? <\/div><\/span>\n\t\t\t\t\t\t\t<span class='e-n-accordion-item-title-icon'>\n\t\t\t<span class='e-opened' ><svg aria-hidden=\"true\" class=\"e-font-icon-svg e-fas-minus\" viewBox=\"0 0 448 512\" xmlns=\"http:\/\/www.w3.org\/2000\/svg\"><path d=\"M416 208H32c-17.67 0-32 14.33-32 32v32c0 17.67 14.33 32 32 32h384c17.67 0 32-14.33 32-32v-32c0-17.67-14.33-32-32-32z\"><\/path><\/svg><\/span>\n\t\t\t<span class='e-closed'><svg aria-hidden=\"true\" class=\"e-font-icon-svg e-fas-plus\" viewBox=\"0 0 448 512\" xmlns=\"http:\/\/www.w3.org\/2000\/svg\"><path d=\"M416 208H272V64c0-17.67-14.33-32-32-32h-32c-17.67 0-32 14.33-32 32v144H32c-17.67 0-32 14.33-32 32v32c0 17.67 14.33 32 32 32h144v144c0 17.67 14.33 32 32 32h32c17.67 0 32-14.33 32-32V304h144c17.67 0 32-14.33 32-32v-32c0-17.67-14.33-32-32-32z\"><\/path><\/svg><\/span>\n\t\t<\/span>\n\n\t\t\t\t\t\t<\/summary>\n\t\t\t\t<div role=\"region\" aria-labelledby=\"e-n-accordion-item-1000\" class=\"elementor-element elementor-element-1a1805e e-con-full e-flex e-con e-child\" data-id=\"1a1805e\" data-element_type=\"container\" data-e-type=\"container\">\n\t\t\t\t<div class=\"elementor-element elementor-element-cba5ce9 elementor-widget elementor-widget-text-editor\" data-id=\"cba5ce9\" data-element_type=\"widget\" data-e-type=\"widget\" data-widget_type=\"text-editor.default\">\n\t\t\t\t\t\t\t\t\t<p>Ja. Wir arbeiten mit einfachen, nat\u00fcrlichen Zutaten ohne unn\u00f6tige Zusatzstoffe. Kein k\u00fcnstlicher Zucker, keine seltsamen Fette. Nur Geschmack, Knusprigkeit und eine Zusammensetzung, die du ohne W\u00f6rterbuch lesen kannst.<\/p>\n\t\t\t\t\t\t\t\t<\/div>\n\t\t\t\t<\/div>\n\t\t\t\t\t<\/details>\n\t\t\t\t\t\t<details id=\"e-n-accordion-item-1001\" class=\"e-n-accordion-item\" >\n\t\t\t\t<summary class=\"e-n-accordion-item-title\" data-accordion-index=\"2\" tabindex=\"-1\" aria-expanded=\"false\" aria-controls=\"e-n-accordion-item-1001\" >\n\t\t\t\t\t<span class='e-n-accordion-item-title-header'><div class=\"e-n-accordion-item-title-text\"> Ist es wirklich festgefahren? <\/div><\/span>\n\t\t\t\t\t\t\t<span class='e-n-accordion-item-title-icon'>\n\t\t\t<span class='e-opened' ><svg aria-hidden=\"true\" class=\"e-font-icon-svg e-fas-minus\" viewBox=\"0 0 448 512\" xmlns=\"http:\/\/www.w3.org\/2000\/svg\"><path d=\"M416 208H32c-17.67 0-32 14.33-32 32v32c0 17.67 14.33 32 32 32h384c17.67 0 32-14.33 32-32v-32c0-17.67-14.33-32-32-32z\"><\/path><\/svg><\/span>\n\t\t\t<span class='e-closed'><svg aria-hidden=\"true\" class=\"e-font-icon-svg e-fas-plus\" viewBox=\"0 0 448 512\" xmlns=\"http:\/\/www.w3.org\/2000\/svg\"><path d=\"M416 208H272V64c0-17.67-14.33-32-32-32h-32c-17.67 0-32 14.33-32 32v144H32c-17.67 0-32 14.33-32 32v32c0 17.67 14.33 32 32 32h144v144c0 17.67 14.33 32 32 32h32c17.67 0 32-14.33 32-32V304h144c17.67 0 32-14.33 32-32v-32c0-17.67-14.33-32-32-32z\"><\/path><\/svg><\/span>\n\t\t<\/span>\n\n\t\t\t\t\t\t<\/summary>\n\t\t\t\t<div role=\"region\" aria-labelledby=\"e-n-accordion-item-1001\" class=\"elementor-element elementor-element-09ea989 e-con-full e-flex e-con e-child\" data-id=\"09ea989\" data-element_type=\"container\" data-e-type=\"container\">\n\t\t\t\t<div class=\"elementor-element elementor-element-c32451a elementor-widget elementor-widget-text-editor\" data-id=\"c32451a\" data-element_type=\"widget\" data-e-type=\"widget\" data-widget_type=\"text-editor.default\">\n\t\t\t\t\t\t\t\t\t<p>Ja. Grubbar und CrunchUp liefern Proteine und lang anhaltende Energie ohne Energieeinbruch. Du kannst sie vor dem Sport, bei der Arbeit, beim Wandern oder unterwegs essen. Sie sind s\u00e4ttigend und nicht nur ein \u201ekleiner Snack f\u00fcr zwischendurch\u201d.<\/p>\n\t\t\t\t\t\t\t\t<\/div>\n\t\t\t\t<\/div>\n\t\t\t\t\t<\/details>\n\t\t\t\t\t\t<details id=\"e-n-accordion-item-1002\" class=\"e-n-accordion-item\" >\n\t\t\t\t<summary class=\"e-n-accordion-item-title\" data-accordion-index=\"3\" tabindex=\"-1\" aria-expanded=\"false\" aria-controls=\"e-n-accordion-item-1002\" >\n\t\t\t\t\t<span class='e-n-accordion-item-title-header'><div class=\"e-n-accordion-item-title-text\"> Woher kommen die Produkte? <\/div><\/span>\n\t\t\t\t\t\t\t<span class='e-n-accordion-item-title-icon'>\n\t\t\t<span class='e-opened' ><svg aria-hidden=\"true\" class=\"e-font-icon-svg e-fas-minus\" viewBox=\"0 0 448 512\" xmlns=\"http:\/\/www.w3.org\/2000\/svg\"><path d=\"M416 208H32c-17.67 0-32 14.33-32 32v32c0 17.67 14.33 32 32 32h384c17.67 0 32-14.33 32-32v-32c0-17.67-14.33-32-32-32z\"><\/path><\/svg><\/span>\n\t\t\t<span class='e-closed'><svg aria-hidden=\"true\" class=\"e-font-icon-svg e-fas-plus\" viewBox=\"0 0 448 512\" xmlns=\"http:\/\/www.w3.org\/2000\/svg\"><path d=\"M416 208H272V64c0-17.67-14.33-32-32-32h-32c-17.67 0-32 14.33-32 32v144H32c-17.67 0-32 14.33-32 32v32c0 17.67 14.33 32 32 32h144v144c0 17.67 14.33 32 32 32h32c17.67 0 32-14.33 32-32V304h144c17.67 0 32-14.33 32-32v-32c0-17.67-14.33-32-32-32z\"><\/path><\/svg><\/span>\n\t\t<\/span>\n\n\t\t\t\t\t\t<\/summary>\n\t\t\t\t<div role=\"region\" aria-labelledby=\"e-n-accordion-item-1002\" class=\"elementor-element elementor-element-9aba131 e-con-full e-flex e-con e-child\" data-id=\"9aba131\" data-element_type=\"container\" data-e-type=\"container\">\n\t\t\t\t<div class=\"elementor-element elementor-element-c989d0f elementor-widget elementor-widget-text-editor\" data-id=\"c989d0f\" data-element_type=\"widget\" data-e-type=\"widget\" data-widget_type=\"text-editor.default\">\n\t\t\t\t\t\t\t\t\t<p>Unsere Rezepte werden hier in der Schweiz entwickelt, und die Produktion erfolgt auf zertifizierten Produktionslinien mit Partnern, die die von uns geforderte Qualit\u00e4t und Authentizit\u00e4t gew\u00e4hrleisten. Keine \u00fcberm\u00e4\u00dfige Industrialisierung. Wir bewahren das Echte, das Gute, das Knackige.<\/p>\n\t\t\t\t\t\t\t\t<\/div>\n\t\t\t\t<\/div>\n\t\t\t\t\t<\/details>\n\t\t\t\t\t<\/div>\n\t\t\t\t\t<script type=\"application\/ld+json\">{\"@context\":\"https:\\\/\\\/schema.org\",\"@type\":\"FAQPage\",\"mainEntity\":[{\"@type\":\"Question\",\"name\":\"Sind Snacks wirklich gesund?\",\"acceptedAnswer\":{\"@type\":\"Answer\",\"text\":\"Ja. Wir arbeiten mit einfachen, nat\\u00fcrlichen Zutaten ohne unn\\u00f6tige Zusatzstoffe. Kein k\\u00fcnstlicher Zucker, keine seltsamen Fette. Nur Geschmack, Knusprigkeit und eine Zusammensetzung, die du ohne W\\u00f6rterbuch lesen kannst.\"}},{\"@type\":\"Question\",\"name\":\"Ist es wirklich festgefahren?\",\"acceptedAnswer\":{\"@type\":\"Answer\",\"text\":\"Ja. Grubbar und CrunchUp liefern Proteine und lang anhaltende Energie ohne Energieeinbruch. Du kannst sie vor dem Sport, bei der Arbeit, beim Wandern oder unterwegs essen. Sie sind s\\u00e4ttigend und nicht nur ein \\u201ekleiner Snack f\\u00fcr zwischendurch\\u201d.\"}},{\"@type\":\"Question\",\"name\":\"Woher kommen die Produkte?\",\"acceptedAnswer\":{\"@type\":\"Answer\",\"text\":\"Unsere Rezepte werden hier in der Schweiz entwickelt, und die Produktion erfolgt auf zertifizierten Produktionslinien mit Partnern, die die von uns geforderte Qualit\\u00e4t und Authentizit\\u00e4t gew\\u00e4hrleisten. Keine \\u00fcberm\\u00e4\\u00dfige Industrialisierung. Wir bewahren das Echte, das Gute, das Knackige.\"}}]}<\/script>\n\t\t\t\t\t\t\t<\/div>\n\t\t\t\t\t<\/div>\n\t\t\t\t<\/div>\n\t\t\t\t<\/div>\n\t\t","protected":false},"excerpt":{"rendered":"<p>FAQ Sind Snacks wirklich gesund? Ja. Wir arbeiten mit einfachen, nat\u00fcrlichen Zutaten ohne unn\u00f6tige Zusatzstoffe. Kein k\u00fcnstlicher Zucker, keine seltsamen Fette. Nur Geschmack, Knusprigkeit und eine Zusammensetzung, die du ohne W\u00f6rterbuch lesen kannst. Ist es wirklich festgefahren? Ja. Grubbar und CrunchUp liefern Proteine und lang anhaltende Energie ohne Energieeinbruch. Du kannst sie vor dem Sport, [&hellip;]<\/p>\n","protected":false},"author":1,"featured_media":0,"parent":0,"menu_order":0,"comment_status":"closed","ping_status":"closed","template":"","meta":{"_acf_changed":false,"footnotes":""},"class_list":["post-1273","page","type-page","status-publish","hentry"],"acf":[],"_links":{"self":[{"href":"https:\/\/lumberjackssnack.ch\/de\/wp-json\/wp\/v2\/pages\/1273","targetHints":{"allow":["GET"]}}],"collection":[{"href":"https:\/\/lumberjackssnack.ch\/de\/wp-json\/wp\/v2\/pages"}],"about":[{"href":"https:\/\/lumberjackssnack.ch\/de\/wp-json\/wp\/v2\/types\/page"}],"author":[{"embeddable":true,"href":"https:\/\/lumberjackssnack.ch\/de\/wp-json\/wp\/v2\/users\/1"}],"replies":[{"embeddable":true,"href":"https:\/\/lumberjackssnack.ch\/de\/wp-json\/wp\/v2\/comments?post=1273"}],"version-history":[{"count":1,"href":"https:\/\/lumberjackssnack.ch\/de\/wp-json\/wp\/v2\/pages\/1273\/revisions"}],"predecessor-version":[{"id":1274,"href":"https:\/\/lumberjackssnack.ch\/de\/wp-json\/wp\/v2\/pages\/1273\/revisions\/1274"}],"wp:attachment":[{"href":"https:\/\/lumberjackssnack.ch\/de\/wp-json\/wp\/v2\/media?parent=1273"}],"curies":[{"name":"wp","href":"https:\/\/api.w.org\/{rel}","templated":true}]}}