{"id":1139,"date":"2025-11-16T22:54:44","date_gmt":"2025-11-16T22:54:44","guid":{"rendered":"https:\/\/lumberjackssnack.ch\/snack\/titan-flasche-750-ml\/"},"modified":"2025-11-16T22:54:44","modified_gmt":"2025-11-16T22:54:44","slug":"titan-flasche-750-ml","status":"publish","type":"product","link":"https:\/\/lumberjackssnack.ch\/de\/snack\/titan-flasche-750-ml\/","title":{"rendered":"Titan-Flasche 750 mL"},"content":{"rendered":"<p data-start=\"873\" data-end=\"1148\">Leicht, unzerst\u00f6rbar und aus 100% Titan Grade 1 gefertigt:<br data-start=\"931\" data-end=\"934\" \/>Die 750-mL-Trinkflasche von Lumberjack\u2019s Snacks ist gemacht f\u00fcr lange Tage draussen, Wanderungen, Velotouren oder deinen t\u00e4glichen Alltag.<br data-start=\"1072\" data-end=\"1075\" \/>Mit nur 144 g ist sie leichter als ein Apfel \u2014 und h\u00e4rter als ein Panzer.<\/p>\n<ul>\n<li data-start=\"1152\" data-end=\"1206\"><strong data-start=\"1152\" data-end=\"1170\">Titan Grade 1:<\/strong> pur, langlebig, geschmacksneutral<\/li>\n<li data-start=\"1209\" data-end=\"1242\"><strong data-start=\"1209\" data-end=\"1221\">Gewicht:<\/strong> 144 g, ultraleicht<\/li>\n<li data-start=\"1245\" data-end=\"1266\"><strong data-start=\"1245\" data-end=\"1257\">Volumen:<\/strong> 750 mL<\/li>\n<li data-start=\"1269\" data-end=\"1296\"><strong data-start=\"1269\" data-end=\"1294\">Deckel aus 100% Titan<\/strong><\/li>\n<li data-start=\"1299\" data-end=\"1338\"><strong data-start=\"1299\" data-end=\"1336\">Keine Ger\u00fcche, kein Nachgeschmack<\/strong><\/li>\n<li data-start=\"1341\" data-end=\"1380\"><strong data-start=\"1341\" data-end=\"1378\">Feuer- \/ Kocherfest (ohne Deckel)<\/strong><\/li>\n<li data-start=\"1383\" data-end=\"1428\"><strong data-start=\"1383\" data-end=\"1426\">Pr\u00e4zises Gewinde + perfekte Dichtigkeit<\/strong><\/li>\n<li data-start=\"1431\" data-end=\"1470\"><strong data-start=\"1431\" data-end=\"1468\">Isolierende Schutzh\u00fclle inklusive<\/strong><\/li>\n<li data-start=\"1473\" data-end=\"1503\"><strong data-start=\"1473\" data-end=\"1503\">Lumberjack\u2019s Snacks Gravur<\/strong><\/li>\n<\/ul>\n<p data-start=\"1505\" data-end=\"1624\">Die Premium-Trinkflasche f\u00fcr alle, die ein sch\u00f6nes, simples, zuverl\u00e4ssiges Objekt wollen \u2014 gebaut f\u00fcr ein ganzes Leben.<\/p>\n","protected":false},"excerpt":{"rendered":"<p>Leicht, unzerst\u00f6rbar und aus 100% Titan Grade 1 gefertigt:Die 750-mL-Trinkflasche von Lumberjack\u2019s Snacks ist gemacht f\u00fcr lange Tage draussen, Wanderungen, Velotouren oder deinen t\u00e4glichen Alltag.Mit nur 144 g ist sie leichter als ein Apfel \u2014 und h\u00e4rter als ein Panzer. Titan Grade 1: pur, langlebig, geschmacksneutral Gewicht: 144 g, ultraleicht Volumen: 750 mL Deckel aus [&hellip;]<\/p>\n","protected":false},"featured_media":1136,"comment_status":"open","ping_status":"closed","template":"","meta":{"_acf_changed":false},"product_brand":[],"product_cat":[77],"product_tag":[],"class_list":{"0":"post-1139","1":"product","2":"type-product","3":"status-publish","4":"has-post-thumbnail","6":"product_cat-goodies","8":"first","9":"instock","10":"shipping-taxable","11":"purchasable","12":"product-type-simple"},"acf":[],"_links":{"self":[{"href":"https:\/\/lumberjackssnack.ch\/de\/wp-json\/wp\/v2\/product\/1139","targetHints":{"allow":["GET"]}}],"collection":[{"href":"https:\/\/lumberjackssnack.ch\/de\/wp-json\/wp\/v2\/product"}],"about":[{"href":"https:\/\/lumberjackssnack.ch\/de\/wp-json\/wp\/v2\/types\/product"}],"replies":[{"embeddable":true,"href":"https:\/\/lumberjackssnack.ch\/de\/wp-json\/wp\/v2\/comments?post=1139"}],"wp:featuredmedia":[{"embeddable":true,"href":"https:\/\/lumberjackssnack.ch\/de\/wp-json\/wp\/v2\/media\/1136"}],"wp:attachment":[{"href":"https:\/\/lumberjackssnack.ch\/de\/wp-json\/wp\/v2\/media?parent=1139"}],"wp:term":[{"taxonomy":"product_brand","embeddable":true,"href":"https:\/\/lumberjackssnack.ch\/de\/wp-json\/wp\/v2\/product_brand?post=1139"},{"taxonomy":"product_cat","embeddable":true,"href":"https:\/\/lumberjackssnack.ch\/de\/wp-json\/wp\/v2\/product_cat?post=1139"},{"taxonomy":"product_tag","embeddable":true,"href":"https:\/\/lumberjackssnack.ch\/de\/wp-json\/wp\/v2\/product_tag?post=1139"}],"curies":[{"name":"wp","href":"https:\/\/api.w.org\/{rel}","templated":true}]}}