{"id":1149,"date":"2025-11-16T22:58:57","date_gmt":"2025-11-16T22:58:57","guid":{"rendered":"https:\/\/lumberjackssnack.ch\/snack\/titan-topf-2800-ml\/"},"modified":"2025-11-16T22:58:57","modified_gmt":"2025-11-16T22:58:57","slug":"titan-topf-2800-ml","status":"publish","type":"product","link":"https:\/\/lumberjackssnack.ch\/de\/snack\/titan-topf-2800-ml\/","title":{"rendered":"Titan-Topf 2800 mL"},"content":{"rendered":"<p data-start=\"840\" data-end=\"1151\">Robust, leicht und extrem vielseitig:<br data-start=\"902\" data-end=\"905\" \/>Der 2800-mL-Kochtopf aus Titan Grade 1 von Lumberjack\u2019s Snacks ist gemacht f\u00fcrs Kochen in der Natur, f\u00fcr Mahlzeiten f\u00fcr 2 bis 4 Personen oder zum schnellen Wassererhitzen \u00fcber Feuer oder Kocher.<br data-start=\"1099\" data-end=\"1102\" \/>Trotz seines grossen Volumens wiegt er nur 511 g.<\/p>\n<ul>\n<li data-start=\"1155\" data-end=\"1200\"><strong data-start=\"1155\" data-end=\"1173\">Titan Grade 1:<\/strong> pur, stark, unzerst\u00f6rbar<\/li>\n<li data-start=\"1203\" data-end=\"1223\"><strong data-start=\"1203\" data-end=\"1215\">Gewicht:<\/strong> 511 g<\/li>\n<li data-start=\"1226\" data-end=\"1248\"><strong data-start=\"1226\" data-end=\"1238\">Volumen:<\/strong> 2800 mL<\/li>\n<li data-start=\"1251\" data-end=\"1273\"><strong data-start=\"1251\" data-end=\"1271\">Deckel inklusive<\/strong><\/li>\n<li data-start=\"1276\" data-end=\"1298\"><strong data-start=\"1276\" data-end=\"1296\">Klappbare Griffe<\/strong><\/li>\n<li data-start=\"1301\" data-end=\"1342\"><strong data-start=\"1301\" data-end=\"1340\">Kompatibel mit Feuer \/ Kocher \/ Gas<\/strong><\/li>\n<li data-start=\"1345\" data-end=\"1388\"><strong data-start=\"1345\" data-end=\"1386\">Nimmt keinen Geschmack oder Geruch an<\/strong><\/li>\n<li data-start=\"1391\" data-end=\"1421\"><strong data-start=\"1391\" data-end=\"1421\">Lumberjack\u2019s Snacks Gravur<\/strong><\/li>\n<\/ul>\n<p data-start=\"1423\" data-end=\"1503\">\ud83d\udc49 Der ideale Topf f\u00fcrs Biwak, Bushcraft, Gruppenwanderungen und Outdoor-Kochen.<\/p>\n","protected":false},"excerpt":{"rendered":"<p>Robust, leicht und extrem vielseitig:Der 2800-mL-Kochtopf aus Titan Grade 1 von Lumberjack\u2019s Snacks ist gemacht f\u00fcrs Kochen in der Natur, f\u00fcr Mahlzeiten f\u00fcr 2 bis 4 Personen oder zum schnellen Wassererhitzen \u00fcber Feuer oder Kocher.Trotz seines grossen Volumens wiegt er nur 511 g. Titan Grade 1: pur, stark, unzerst\u00f6rbar Gewicht: 511 g Volumen: 2800 mL [&hellip;]<\/p>\n","protected":false},"featured_media":1146,"comment_status":"open","ping_status":"closed","template":"","meta":{"_acf_changed":false},"product_brand":[54],"product_cat":[77],"product_tag":[],"class_list":{"0":"post-1149","1":"product","2":"type-product","3":"status-publish","4":"has-post-thumbnail","6":"product_brand-goodies","7":"product_cat-goodies","9":"first","10":"instock","11":"shipping-taxable","12":"purchasable","13":"product-type-simple"},"acf":[],"_links":{"self":[{"href":"https:\/\/lumberjackssnack.ch\/de\/wp-json\/wp\/v2\/product\/1149","targetHints":{"allow":["GET"]}}],"collection":[{"href":"https:\/\/lumberjackssnack.ch\/de\/wp-json\/wp\/v2\/product"}],"about":[{"href":"https:\/\/lumberjackssnack.ch\/de\/wp-json\/wp\/v2\/types\/product"}],"replies":[{"embeddable":true,"href":"https:\/\/lumberjackssnack.ch\/de\/wp-json\/wp\/v2\/comments?post=1149"}],"wp:featuredmedia":[{"embeddable":true,"href":"https:\/\/lumberjackssnack.ch\/de\/wp-json\/wp\/v2\/media\/1146"}],"wp:attachment":[{"href":"https:\/\/lumberjackssnack.ch\/de\/wp-json\/wp\/v2\/media?parent=1149"}],"wp:term":[{"taxonomy":"product_brand","embeddable":true,"href":"https:\/\/lumberjackssnack.ch\/de\/wp-json\/wp\/v2\/product_brand?post=1149"},{"taxonomy":"product_cat","embeddable":true,"href":"https:\/\/lumberjackssnack.ch\/de\/wp-json\/wp\/v2\/product_cat?post=1149"},{"taxonomy":"product_tag","embeddable":true,"href":"https:\/\/lumberjackssnack.ch\/de\/wp-json\/wp\/v2\/product_tag?post=1149"}],"curies":[{"name":"wp","href":"https:\/\/api.w.org\/{rel}","templated":true}]}}