{"id":1177,"date":"2025-11-16T22:13:04","date_gmt":"2025-11-16T22:13:04","guid":{"rendered":"https:\/\/lumberjackssnack.ch\/snack\/wildcrisp-salz-essig-10stk\/"},"modified":"2025-11-16T22:13:04","modified_gmt":"2025-11-16T22:13:04","slug":"wildcrisp-salz-essig-10stk","status":"publish","type":"product","link":"https:\/\/lumberjackssnack.ch\/de\/snack\/wildcrisp-salz-essig-10stk\/","title":{"rendered":"WildCrisp Salz &#038; Essig 10Stk"},"content":{"rendered":"<p data-start=\"1084\" data-end=\"1142\"><strong data-start=\"1084\" data-end=\"1142\">WildCrisp \u2013 Die proteinreichen Chips mit echtem Crunch<\/strong><\/p>\n<p data-start=\"1144\" data-end=\"1403\">Entdecke WildCrisp, die Snack-Revolution! Diese proteinreichen Chips sind ideal, um deinen Hunger zu stillen \u2013 ganz ohne Kompromisse. Aus sorgf\u00e4ltig ausgew\u00e4hlten Zutaten hergestellt, vereinen sie Leichtigkeit, unwiderstehlichen Crunch und authentische Aromen.<\/p>\n<p data-start=\"1405\" data-end=\"1665\">Mit ihrem k\u00f6stlichen Geschmack und dem niedrigen Fettgehalt sind WildCrisp der perfekte knusprige, gesunde und energiereiche Snack. Nach dem Training, im B\u00fcro, vor einer guten Serie oder als schneller Snack nach der Schule \u2013 WildCrisp passt zur ganzen Familie.<\/p>\n<p data-start=\"1667\" data-end=\"1726\">W\u00e4hle deinen Geschmack. Geniess den Crunch. Lebe WildCrisp.<\/p>\n<p data-start=\"1728\" data-end=\"1962\">\n","protected":false},"excerpt":{"rendered":"<p>Entdecke WildCrisp, die Snack-Revolution! Diese proteinreichen Chips sind ideal, um deine Gel\u00fcste ohne Kompromisse zu stillen. Mit sorgf\u00e4ltig ausgew\u00e4hlten Zutaten bieten sie Leichtigkeit, unwiderstehlichen Crunch und echten Geschmack.<\/p>\n","protected":false},"featured_media":1174,"comment_status":"open","ping_status":"closed","template":"","meta":{"_acf_changed":false},"product_brand":[52],"product_cat":[86,89],"product_tag":[],"class_list":{"0":"post-1177","1":"product","2":"type-product","3":"status-publish","4":"has-post-thumbnail","6":"product_brand-wildcrisp","7":"product_cat-salziger-snack","8":"product_cat-wildcrisp","10":"first","11":"instock","12":"shipping-taxable","13":"purchasable","14":"product-type-simple"},"acf":[],"_links":{"self":[{"href":"https:\/\/lumberjackssnack.ch\/de\/wp-json\/wp\/v2\/product\/1177","targetHints":{"allow":["GET"]}}],"collection":[{"href":"https:\/\/lumberjackssnack.ch\/de\/wp-json\/wp\/v2\/product"}],"about":[{"href":"https:\/\/lumberjackssnack.ch\/de\/wp-json\/wp\/v2\/types\/product"}],"replies":[{"embeddable":true,"href":"https:\/\/lumberjackssnack.ch\/de\/wp-json\/wp\/v2\/comments?post=1177"}],"wp:featuredmedia":[{"embeddable":true,"href":"https:\/\/lumberjackssnack.ch\/de\/wp-json\/wp\/v2\/media\/1174"}],"wp:attachment":[{"href":"https:\/\/lumberjackssnack.ch\/de\/wp-json\/wp\/v2\/media?parent=1177"}],"wp:term":[{"taxonomy":"product_brand","embeddable":true,"href":"https:\/\/lumberjackssnack.ch\/de\/wp-json\/wp\/v2\/product_brand?post=1177"},{"taxonomy":"product_cat","embeddable":true,"href":"https:\/\/lumberjackssnack.ch\/de\/wp-json\/wp\/v2\/product_cat?post=1177"},{"taxonomy":"product_tag","embeddable":true,"href":"https:\/\/lumberjackssnack.ch\/de\/wp-json\/wp\/v2\/product_tag?post=1177"}],"curies":[{"name":"wp","href":"https:\/\/api.w.org\/{rel}","templated":true}]}}