{"id":956,"date":"2025-11-04T15:27:42","date_gmt":"2025-11-04T15:27:42","guid":{"rendered":"https:\/\/lumberjackssnack.ch\/carrello\/"},"modified":"2025-11-29T20:32:05","modified_gmt":"2025-11-29T20:32:05","slug":"carrello","status":"publish","type":"page","link":"https:\/\/lumberjackssnack.ch\/it\/carrello\/","title":{"rendered":"Carrello"},"content":{"rendered":"\t\t<div data-elementor-type=\"wp-page\" data-elementor-id=\"956\" class=\"elementor elementor-956 elementor-13\" data-elementor-post-type=\"page\">\n\t\t\t\t<div class=\"elementor-element elementor-element-29be87ea e-flex e-con-boxed e-con e-parent\" data-id=\"29be87ea\" data-element_type=\"container\" data-e-type=\"container\">\n\t\t\t\t\t<div class=\"e-con-inner\">\n\t\t\t\t<div class=\"elementor-element elementor-element-62885da elementor-widget elementor-widget-heading\" data-id=\"62885da\" data-element_type=\"widget\" data-e-type=\"widget\" data-widget_type=\"heading.default\">\n\t\t\t\t\t<h1 class=\"elementor-heading-title elementor-size-default\">Il tuo carrello<\/h1>\t\t\t\t<\/div>\n\t\t\t\t\t<\/div>\n\t\t\t\t<\/div>\n\t\t\t\t<\/div>\n\t\t","protected":false},"excerpt":{"rendered":"<p>Il tuo carrello Supprimer l\u2019\u00e9l\u00e9ment Miniature Produit Prix Quantit\u00e9 Sous-total &times; Crunchup Vanille &#67;&#72;&#70;&nbsp;62.50 quantit\u00e9 de Crunchup Vanille&nbsp; &#67;&#72;&#70;&nbsp;62.50 Aggiorna il carrello Applica il Codice promozionale Totale del carrello Sous-total &#67;&#72;&#70;&nbsp;62.50 Exp\u00e9dition Livraison Standard: &#67;&#72;&#70;&nbsp;5.00 Livraison Express: &#67;&#72;&#70;&nbsp;9.00 Livraison \u00e0 tada, 2000 neuchatel. Modifier l\u2019adresse Pays\u00a0\/ r\u00e9gion S\u00e9lectionner un pays\/r\u00e9gion\u2026Suisse R\u00e9gion\u00a0\/\u00a0D\u00e9partement S\u00e9lectionner une option\u2026ArgovieAppenzell Rhodes-Ext\u00e9rieuresAppenzell [&hellip;]<\/p>\n","protected":false},"author":1,"featured_media":0,"parent":0,"menu_order":0,"comment_status":"closed","ping_status":"closed","template":"","meta":{"_acf_changed":false,"footnotes":""},"class_list":["post-956","page","type-page","status-publish","hentry"],"acf":[],"_links":{"self":[{"href":"https:\/\/lumberjackssnack.ch\/it\/wp-json\/wp\/v2\/pages\/956","targetHints":{"allow":["GET"]}}],"collection":[{"href":"https:\/\/lumberjackssnack.ch\/it\/wp-json\/wp\/v2\/pages"}],"about":[{"href":"https:\/\/lumberjackssnack.ch\/it\/wp-json\/wp\/v2\/types\/page"}],"author":[{"embeddable":true,"href":"https:\/\/lumberjackssnack.ch\/it\/wp-json\/wp\/v2\/users\/1"}],"replies":[{"embeddable":true,"href":"https:\/\/lumberjackssnack.ch\/it\/wp-json\/wp\/v2\/comments?post=956"}],"version-history":[{"count":2,"href":"https:\/\/lumberjackssnack.ch\/it\/wp-json\/wp\/v2\/pages\/956\/revisions"}],"predecessor-version":[{"id":1086,"href":"https:\/\/lumberjackssnack.ch\/it\/wp-json\/wp\/v2\/pages\/956\/revisions\/1086"}],"wp:attachment":[{"href":"https:\/\/lumberjackssnack.ch\/it\/wp-json\/wp\/v2\/media?parent=956"}],"curies":[{"name":"wp","href":"https:\/\/api.w.org\/{rel}","templated":true}]}}